{"id":8547,"date":"2017-03-08T13:11:26","date_gmt":"2017-03-08T10:11:26","guid":{"rendered":"https:\/\/www.rentisthenewchic.com\/about-us\/"},"modified":"2024-04-26T22:30:15","modified_gmt":"2024-04-26T19:30:15","slug":"about-us","status":"publish","type":"page","link":"https:\/\/www.rentisthenewchic.com\/en\/about-us\/","title":{"rendered":"About Us"},"content":{"rendered":"<div class=\"wpb-content-wrapper\"><p>[vc_row][vc_column][vc_empty_space alter_height=&#8221;huge&#8221; hide_on_mobile=&#8221;&#8221;][\/vc_column][vc_column offset=&#8221;vc_col-lg-6 vc_col-md-6&#8243;]<div id=\"sc_title_2023694642\"\r\n\t\tclass=\"sc_title sc_title_default\"><h6 class=\"sc_item_subtitle sc_title_subtitle sc_align_left sc_item_title_style_default\">Biz Kimiz?<\/h6><h2 class=\"sc_item_title sc_title_title sc_align_left sc_item_title_style_default sc_item_title_tag\">Rent is the new chic<\/h2><div class=\"sc_item_descr sc_title_descr sc_align_left\"><p>Her \u00e7e\u015fit \u00fcr\u00fcn ve yenilikten \u00e7abucak haber al\u0131p, dilediklerimize kolayl\u0131kla ula\u015fabildi\u011fimiz bir zamanday\u0131z. Bu sayede, \u00f6zellikle giyim ku\u015fam konusunda, trendlerin ne derece \u00e7e\u015fitli olabilece\u011fine ve ne kadar \u00e7abuk de\u011fi\u015febilece\u011fine \u015fahit oluyoruz. Bu durum belki g\u00fcndelik ya\u015fam\u0131m\u0131z i\u00e7in \u00e7ok sorun olmayabilir, ancak s\u00f6z konusu nikah t\u00f6renimiz ve \u00f6zel davetlerimiz oldu\u011funda i\u015fler bamba\u015fka bir hal al\u0131yor. B\u00f6ylesi \u00f6zel bir g\u00fcnde giyilecek farkl\u0131 tasar\u0131m aray\u0131\u015f\u0131nda olan gelin adaylar\u0131 ve  aileleri en do\u011fru se\u00e7imi yapabilmek i\u00e7in bir ma\u011fazadan di\u011ferine, yeri geldi\u011finde bir \u015fehirden di\u011ferine kadar gezinip duruyorlar.<\/p>\n<p>Rent is The New Chic, bu aray\u0131\u015fta olan ki\u015filerin i\u015flerini kolayla\u015ft\u0131rmay\u0131 hedefleyen bir marka. Son d\u00f6nemde reva\u00e7ta olan sade ve bohem tarzda gelinliklerin \u00f6nemli bir yer tuttu\u011fu koleksiyonu ile \u00f6ne \u00e7\u0131kan Rent is The New Chic, bir \u00e7ok farkl\u0131 markan\u0131n gelinli\u011fini ve abiye elbise modellerini tek \u00e7at\u0131 alt\u0131nda bir araya getirip \u00e7ok uygun bir fiyata kiralanmalar\u0131n\u0131 sa\u011fl\u0131yor.<\/p>\n<p>2017\u2019nin Nisan ay\u0131nda m\u00fctevazi bir koleksiyon ile kap\u0131lar\u0131n\u0131 m\u00fc\u015fterilerine a\u00e7an Rent is The New Chic, bug\u00fcn Ni\u015fanta\u015f\u0131\u2019ndaki ma\u011fazas\u0131nda say\u0131s\u0131 200\u2019e yakla\u015fan birbirinden farkl\u0131 gelinlik modeli ve abiye elbise modelleri ile ziyaret\u00e7ilerine hizmet veriyor. Gelinlik konusunda ad\u0131n\u0131 duyurup bir klasik haline gelmi\u015f bir \u00e7ok T\u00fcrk tasar\u0131mc\u0131n\u0131n modellerinin yan\u0131 s\u0131ra, Berta Bridal, Pronovias ve Inbal Dror gibi tan\u0131nm\u0131\u015f yabanc\u0131 markalar\u0131n \u00fcr\u00fcnlerini de Rent is The New Chic\u2019te bulmak m\u00fcmk\u00fcn.<\/p>\n<p>Gelinlik d\u0131\u015f\u0131nda, d\u00fc\u011f\u00fcn g\u00fcn\u00fcnde bir gelinin ihtiya\u00e7 duyaca\u011f\u0131 gelin ayakkab\u0131s\u0131, el buketi, kimono, after party elbiseleri ve sa\u00e7 aksesuarlar\u0131 gibi tamamlay\u0131c\u0131 \u00fcr\u00fcnleri de b\u00fcnyesinde bulunduran Rent is The New Chic, bir gelin aday\u0131n\u0131n bir \u00e7ok ihtiyac\u0131n\u0131 tek bir ma\u011fazay\u0131 ziyaret ederek gidermesini ama\u00e7l\u0131yor. Ayr\u0131ca, gelinlik se\u00e7iminde gelin adaylar\u0131na yard\u0131m etmek i\u00e7in ma\u011fazay\u0131 ziyaret eden e\u015f ve dostlar da unutulmam\u0131\u015f; markan\u0131n ma\u011fazas\u0131nda zengin bir gece elbisesi koleksiyonu da yer al\u0131yor.<\/p>\n<p>Sadece d\u00fc\u011f\u00fcnler i\u00e7in de\u011fil, mezuniyet gecesi , \u00f6d\u00fcl t\u00f6reni ve \u00f6zel davetler i\u00e7inde farkl\u0131 modellerde kiral\u0131k elbise modelleri bulunmaktad\u0131r.<\/p>\n<\/div><\/div><!-- \/.sc_title -->[vc_custom_heading text=&#8221;M\u00fcge Mepa Danac\u0131o\u011flu&#8221; font_container=&#8221;tag:h4|text_align:left|color:%23dec0b2&#8243; use_theme_fonts=&#8221;yes&#8221;][vc_column_text]<span class=\"trx_addons_tiny_text\">FOUNDER<\/span>[\/vc_column_text][vc_empty_space alter_height=&#8221;small&#8221; hide_on_mobile=&#8221;&#8221; css=&#8221;.vc_custom_1492595717516{margin-bottom: -0.2rem !important;}&#8221;][vc_empty_space height=&#8221;0.1rem&#8221; alter_height=&#8221;none&#8221; hide_on_mobile=&#8221;&#8221;][vc_empty_space alter_height=&#8221;large&#8221; hide_on_mobile=&#8221;&#8221;][\/vc_column][vc_column offset=&#8221;vc_col-lg-offset-1 vc_col-lg-5 vc_col-md-5&#8243;][vc_empty_space height=&#8221;0.3rem&#8221; alter_height=&#8221;none&#8221; hide_on_mobile=&#8221;&#8221;][vc_single_image image=&#8221;3765&#8243; img_size=&#8221;full&#8221;][vc_empty_space alter_height=&#8221;large&#8221; hide_on_mobile=&#8221;&#8221; css=&#8221;.vc_custom_1492596155243{margin-bottom: 1.7rem !important;}&#8221;][\/vc_column][\/vc_row][vc_row full_width=&#8221;stretch_row_content_no_spaces&#8221;][vc_column]<div id=\"sc_googlemap_511312950_wrap\" class=\"sc_googlemap_wrap\"><div class=\"sc_googlemap_content_wrap\"><div id=\"sc_googlemap_511312950\"\r\n\t\t\tclass=\"sc_googlemap sc_googlemap_default\"\r\n\t\t\t style=\"width:100%;height:647px;\"\t\t\tdata-zoom=\"12\"\r\n\t\t\tdata-style=\"grey\"\r\n\t\t\tdata-cluster-icon=\"\"\r\n\t\t\t><iframe\r\n                        data-src=\"https:\/\/maps.google.com\/maps?t=m&output=embed&iwloc=near&z=12&q=+Harbiye+Mahallesi+Ma%C3%A7ka+Caddesi+Berna+Apartman%C4%B1+No%3A+22+D%3A1+Ni%C5%9Fanta%C5%9F%C4%B1+%2F+%C5%9Ei%C5%9Fli++%C4%B0STANBUL\"\r\n                        scrolling=\"no\"\r\n                        marginheight=\"0\"\r\n                        marginwidth=\"0\"\r\n                        frameborder=\"0\"\r\n                        aria-label=\"RTNC\" src=\"data:image\/gif;base64,R0lGODlhAQABAAAAACH5BAEKAAEALAAAAAABAAEAAAICTAEAOw==\" class=\"lazyload\" data-load-mode=\"1\"><\/iframe><\/div>\t\t\t<div class=\"sc_googlemap_content sc_googlemap_content_default\"><div id=\"sc_icons_445447185\" \n\tclass=\"sc_icons sc_icons_default sc_icons_size_small sc_align_left\"><div class=\"sc_icons_item sc_icons_item_linked\"><div id=\"sc_icons_445447185_icon-insta\" class=\"sc_icons_icon sc_icon_type_ icon-insta\"\n\t\t\t\t\t\t\t\t\t\t\t\t><span class=\"sc_icon_type_ icon-insta\"><\/span><\/div><h4 class=\"sc_icons_item_title\"><span>@Rentisthenewchic<\/span><\/h4><div class=\"sc_icons_item_description\"><span>Instagramdan takip edin!<\/span><\/div><a href=\"https:\/\/www.instagram.com\/rentisthenewchic\" class=\"sc_icons_item_link\"><\/a><\/div><div class=\"sc_icons_item\"><div id=\"sc_icons_445447185_icon-002-placeholder\" class=\"sc_icons_icon sc_icon_type_ icon-002-placeholder\"\n\t\t\t\t\t\t\t\t\t\t\t\t><span class=\"sc_icon_type_ icon-002-placeholder\"><\/span><\/div><h4 class=\"sc_icons_item_title\"><span>Harbiye Mahallesi Ma\u00e7ka Caddesi Berna Apartman\u0131 No: 22 D:1 Ni\u015fanta\u015f\u0131 \/ \u015ei\u015fli  \u0130STANBUL<\/span><\/h4><div class=\"sc_icons_item_description\"><span>Bizi ziyaret edin<\/span><\/div><\/div><div class=\"sc_icons_item sc_icons_item_linked\"><div id=\"sc_icons_445447185_icon-003-envelope\" class=\"sc_icons_icon sc_icon_type_ icon-003-envelope\"\n\t\t\t\t\t\t\t\t\t\t\t\t><span class=\"sc_icon_type_ icon-003-envelope\"><\/span><\/div><h4 class=\"sc_icons_item_title\"><span>rentisthenewchic@gmail.com<\/span><\/h4><div class=\"sc_icons_item_description\"><span>Mesaj at\u0131n<\/span><\/div><a href=\"mailto:rentisthenewchic@gmail.com\" class=\"sc_icons_item_link\"><\/a><\/div><\/div><!-- \/.sc_icons --><\/div>\r\n\t\t<\/div>\r\n\t\t<\/div><!-- \/.sc_googlemap_wrap -->[\/vc_column][\/vc_row]<\/p>\n<\/div>","protected":false},"excerpt":{"rendered":"<p>[vc_row][vc_column][vc_empty_space alter_height=&#8221;huge&#8221; hide_on_mobile=&#8221;&#8221;][\/vc_column][vc_column offset=&#8221;vc_col-lg-6 vc_col-md-6&#8243;][vc_custom_heading text=&#8221;M\u00fcge Mepa Danac\u0131o\u011flu&#8221; font_container=&#8221;tag:h4|text_align:left|color:%23dec0b2&#8243; use_theme_fonts=&#8221;yes&#8221;][vc_column_text]FOUNDER[\/vc_column_text][vc_empty_space alter_height=&#8221;small&#8221; hide_on_mobile=&#8221;&#8221; css=&#8221;.vc_custom_1492595717516{margin-bottom: -0.2rem !important;}&#8221;][vc_empty_space height=&#8221;0.1rem&#8221; alter_height=&#8221;none&#8221; hide_on_mobile=&#8221;&#8221;][vc_empty_space alter_height=&#8221;large&#8221; hide_on_mobile=&#8221;&#8221;][\/vc_column][vc_column offset=&#8221;vc_col-lg-offset-1 vc_col-lg-5 vc_col-md-5&#8243;][vc_empty_space height=&#8221;0.3rem&#8221; alter_height=&#8221;none&#8221; hide_on_mobile=&#8221;&#8221;][vc_single_image image=&#8221;3765&#8243; img_size=&#8221;full&#8221;][vc_empty_space alter_height=&#8221;large&#8221; hide_on_mobile=&#8221;&#8221; css=&#8221;.vc_custom_1492596155243{margin-bottom: 1.7rem !important;}&#8221;][\/vc_column][\/vc_row][vc_row full_width=&#8221;stretch_row_content_no_spaces&#8221;][vc_column][\/vc_column][\/vc_row]<\/p>\n","protected":false},"author":1,"featured_media":0,"parent":0,"menu_order":0,"comment_status":"closed","ping_status":"closed","template":"","meta":{"footnotes":""},"class_list":["post-8547","page","type-page","status-publish","hentry"],"yoast_head":"<!-- This site is optimized with the Yoast SEO plugin v24.1 - https:\/\/yoast.com\/wordpress\/plugins\/seo\/ -->\n<title>About Us - Rent is the new chic<\/title>\n<meta name=\"description\" content=\"You can visit our store to rent the models you like by seeing them on you and to experience the service we will offer you, or you can rent the choices you make on our website for the appropriate dates.\" \/>\n<meta name=\"robots\" content=\"index, follow, max-snippet:-1, max-image-preview:large, max-video-preview:-1\" \/>\n<link rel=\"canonical\" href=\"https:\/\/www.rentisthenewchic.com\/en\/about-us\/\" \/>\n<meta property=\"og:locale\" content=\"en_US\" \/>\n<meta property=\"og:type\" content=\"article\" \/>\n<meta property=\"og:title\" content=\"About Us - Rent is the new chic\" \/>\n<meta property=\"og:description\" content=\"You can visit our store to rent the models you like by seeing them on you and to experience the service we will offer you, or you can rent the choices you make on our website for the appropriate dates.\" \/>\n<meta property=\"og:url\" content=\"https:\/\/www.rentisthenewchic.com\/en\/about-us\/\" \/>\n<meta property=\"og:site_name\" content=\"Rent is the new chic\" \/>\n<meta property=\"article:modified_time\" content=\"2024-04-26T19:30:15+00:00\" \/>\n<meta property=\"og:image\" content=\"https:\/\/www.rentisthenewchic.com\/wp-content\/uploads\/2023\/12\/ONR_9414-1024x674.jpg\" \/>\n\t<meta property=\"og:image:width\" content=\"1024\" \/>\n\t<meta property=\"og:image:height\" content=\"674\" \/>\n\t<meta property=\"og:image:type\" content=\"image\/jpeg\" \/>\n<meta name=\"twitter:card\" content=\"summary_large_image\" \/>\n<meta name=\"twitter:label1\" content=\"Est. reading time\" \/>\n\t<meta name=\"twitter:data1\" content=\"4 minutes\" \/>\n<script type=\"application\/ld+json\" class=\"yoast-schema-graph\">{\"@context\":\"https:\/\/schema.org\",\"@graph\":[{\"@type\":\"WebPage\",\"@id\":\"https:\/\/www.rentisthenewchic.com\/en\/about-us\/\",\"url\":\"https:\/\/www.rentisthenewchic.com\/en\/about-us\/\",\"name\":\"About Us - Rent is the new chic\",\"isPartOf\":{\"@id\":\"https:\/\/www.rentisthenewchic.com\/en\/#website\"},\"datePublished\":\"2017-03-08T10:11:26+00:00\",\"dateModified\":\"2024-04-26T19:30:15+00:00\",\"description\":\"You can visit our store to rent the models you like by seeing them on you and to experience the service we will offer you, or you can rent the choices you make on our website for the appropriate dates.\",\"breadcrumb\":{\"@id\":\"https:\/\/www.rentisthenewchic.com\/en\/about-us\/#breadcrumb\"},\"inLanguage\":\"en-US\",\"potentialAction\":[{\"@type\":\"ReadAction\",\"target\":[\"https:\/\/www.rentisthenewchic.com\/en\/about-us\/\"]}]},{\"@type\":\"BreadcrumbList\",\"@id\":\"https:\/\/www.rentisthenewchic.com\/en\/about-us\/#breadcrumb\",\"itemListElement\":[{\"@type\":\"ListItem\",\"position\":1,\"name\":\"Homepage\",\"item\":\"https:\/\/www.rentisthenewchic.com\/en\/\"},{\"@type\":\"ListItem\",\"position\":2,\"name\":\"About Us\"}]},{\"@type\":\"WebSite\",\"@id\":\"https:\/\/www.rentisthenewchic.com\/en\/#website\",\"url\":\"https:\/\/www.rentisthenewchic.com\/en\/\",\"name\":\"Rent is the new chic\",\"description\":\"Wedding Dress and Evening Dress Shop for Rent\",\"publisher\":{\"@id\":\"https:\/\/www.rentisthenewchic.com\/en\/#organization\"},\"alternateName\":\"RTNC\",\"potentialAction\":[{\"@type\":\"SearchAction\",\"target\":{\"@type\":\"EntryPoint\",\"urlTemplate\":\"https:\/\/www.rentisthenewchic.com\/en\/?s={search_term_string}\"},\"query-input\":{\"@type\":\"PropertyValueSpecification\",\"valueRequired\":true,\"valueName\":\"search_term_string\"}}],\"inLanguage\":\"en-US\"},{\"@type\":\"Organization\",\"@id\":\"https:\/\/www.rentisthenewchic.com\/en\/#organization\",\"name\":\"Rent is the new chic\",\"url\":\"https:\/\/www.rentisthenewchic.com\/en\/\",\"logo\":{\"@type\":\"ImageObject\",\"inLanguage\":\"en-US\",\"@id\":\"https:\/\/www.rentisthenewchic.com\/en\/#\/schema\/logo\/image\/\",\"url\":\"http:\/\/www.rentisthenewchic.com\/wp-content\/uploads\/2023\/12\/Asset-2.png\",\"contentUrl\":\"http:\/\/www.rentisthenewchic.com\/wp-content\/uploads\/2023\/12\/Asset-2.png\",\"width\":1533,\"height\":410,\"caption\":\"Rent is the new chic\"},\"image\":{\"@id\":\"https:\/\/www.rentisthenewchic.com\/en\/#\/schema\/logo\/image\/\"},\"sameAs\":[\"https:\/\/www.instagram.com\/rentisthenewchic\/\",\"https:\/\/tr.pinterest.com\/rentisthenewchic\/\",\"https:\/\/www.youtube.com\/channel\/UCMql-PTYemEojIu1BT80-mA\"]}]}<\/script>\n<!-- \/ Yoast SEO plugin. -->","yoast_head_json":{"title":"About Us - Rent is the new chic","description":"You can visit our store to rent the models you like by seeing them on you and to experience the service we will offer you, or you can rent the choices you make on our website for the appropriate dates.","robots":{"index":"index","follow":"follow","max-snippet":"max-snippet:-1","max-image-preview":"max-image-preview:large","max-video-preview":"max-video-preview:-1"},"canonical":"https:\/\/www.rentisthenewchic.com\/en\/about-us\/","og_locale":"en_US","og_type":"article","og_title":"About Us - Rent is the new chic","og_description":"You can visit our store to rent the models you like by seeing them on you and to experience the service we will offer you, or you can rent the choices you make on our website for the appropriate dates.","og_url":"https:\/\/www.rentisthenewchic.com\/en\/about-us\/","og_site_name":"Rent is the new chic","article_modified_time":"2024-04-26T19:30:15+00:00","og_image":[{"width":1024,"height":674,"url":"https:\/\/www.rentisthenewchic.com\/wp-content\/uploads\/2023\/12\/ONR_9414-1024x674.jpg","type":"image\/jpeg"}],"twitter_card":"summary_large_image","twitter_misc":{"Est. reading time":"4 minutes"},"schema":{"@context":"https:\/\/schema.org","@graph":[{"@type":"WebPage","@id":"https:\/\/www.rentisthenewchic.com\/en\/about-us\/","url":"https:\/\/www.rentisthenewchic.com\/en\/about-us\/","name":"About Us - Rent is the new chic","isPartOf":{"@id":"https:\/\/www.rentisthenewchic.com\/en\/#website"},"datePublished":"2017-03-08T10:11:26+00:00","dateModified":"2024-04-26T19:30:15+00:00","description":"You can visit our store to rent the models you like by seeing them on you and to experience the service we will offer you, or you can rent the choices you make on our website for the appropriate dates.","breadcrumb":{"@id":"https:\/\/www.rentisthenewchic.com\/en\/about-us\/#breadcrumb"},"inLanguage":"en-US","potentialAction":[{"@type":"ReadAction","target":["https:\/\/www.rentisthenewchic.com\/en\/about-us\/"]}]},{"@type":"BreadcrumbList","@id":"https:\/\/www.rentisthenewchic.com\/en\/about-us\/#breadcrumb","itemListElement":[{"@type":"ListItem","position":1,"name":"Homepage","item":"https:\/\/www.rentisthenewchic.com\/en\/"},{"@type":"ListItem","position":2,"name":"About Us"}]},{"@type":"WebSite","@id":"https:\/\/www.rentisthenewchic.com\/en\/#website","url":"https:\/\/www.rentisthenewchic.com\/en\/","name":"Rent is the new chic","description":"Wedding Dress and Evening Dress Shop for Rent","publisher":{"@id":"https:\/\/www.rentisthenewchic.com\/en\/#organization"},"alternateName":"RTNC","potentialAction":[{"@type":"SearchAction","target":{"@type":"EntryPoint","urlTemplate":"https:\/\/www.rentisthenewchic.com\/en\/?s={search_term_string}"},"query-input":{"@type":"PropertyValueSpecification","valueRequired":true,"valueName":"search_term_string"}}],"inLanguage":"en-US"},{"@type":"Organization","@id":"https:\/\/www.rentisthenewchic.com\/en\/#organization","name":"Rent is the new chic","url":"https:\/\/www.rentisthenewchic.com\/en\/","logo":{"@type":"ImageObject","inLanguage":"en-US","@id":"https:\/\/www.rentisthenewchic.com\/en\/#\/schema\/logo\/image\/","url":"http:\/\/www.rentisthenewchic.com\/wp-content\/uploads\/2023\/12\/Asset-2.png","contentUrl":"http:\/\/www.rentisthenewchic.com\/wp-content\/uploads\/2023\/12\/Asset-2.png","width":1533,"height":410,"caption":"Rent is the new chic"},"image":{"@id":"https:\/\/www.rentisthenewchic.com\/en\/#\/schema\/logo\/image\/"},"sameAs":["https:\/\/www.instagram.com\/rentisthenewchic\/","https:\/\/tr.pinterest.com\/rentisthenewchic\/","https:\/\/www.youtube.com\/channel\/UCMql-PTYemEojIu1BT80-mA"]}]}},"_links":{"self":[{"href":"https:\/\/www.rentisthenewchic.com\/en\/wp-json\/wp\/v2\/pages\/8547","targetHints":{"allow":["GET"]}}],"collection":[{"href":"https:\/\/www.rentisthenewchic.com\/en\/wp-json\/wp\/v2\/pages"}],"about":[{"href":"https:\/\/www.rentisthenewchic.com\/en\/wp-json\/wp\/v2\/types\/page"}],"author":[{"embeddable":true,"href":"https:\/\/www.rentisthenewchic.com\/en\/wp-json\/wp\/v2\/users\/1"}],"replies":[{"embeddable":true,"href":"https:\/\/www.rentisthenewchic.com\/en\/wp-json\/wp\/v2\/comments?post=8547"}],"version-history":[{"count":1,"href":"https:\/\/www.rentisthenewchic.com\/en\/wp-json\/wp\/v2\/pages\/8547\/revisions"}],"predecessor-version":[{"id":8548,"href":"https:\/\/www.rentisthenewchic.com\/en\/wp-json\/wp\/v2\/pages\/8547\/revisions\/8548"}],"wp:attachment":[{"href":"https:\/\/www.rentisthenewchic.com\/en\/wp-json\/wp\/v2\/media?parent=8547"}],"curies":[{"name":"wp","href":"https:\/\/api.w.org\/{rel}","templated":true}]}}